{"id":7,"date":"2009-12-30T15:35:56","date_gmt":"2009-12-30T14:35:56","guid":{"rendered":"http:\/\/www.mundurat.net\/ataramine\/?page_id=7"},"modified":"2022-12-28T19:11:47","modified_gmt":"2022-12-28T18:11:47","slug":"sarean-irakurgarri","status":"publish","type":"page","link":"http:\/\/www.literaturakoadernoak.org\/?page_id=7","title":{"rendered":"IRAKURGARRI"},"content":{"rendered":"<p><strong>Atarami\u00f1eren<\/strong> lanak sarean irakurgai daude, web gune honen erdiko zutabean ikus dezakezunez.<\/p>\n<p><strong>Atarami\u00f1ek<\/strong> argitaratutako lanez aparte Interneten irakurgarri diren testuen loturak jasotzen ditugu atal honetan.<br \/>\nTestuak gehitzeko bidali zure proposamenak helbide honetara:<br \/>\n<img decoding=\"async\" src=\"http:\/\/www.literaturakoadernoak.org\/wp-content\/themes\/elements-of-seo\/images\/e_posta.gif\" alt=\"\" \/><br \/>\n.<\/p>\n<p>\u2192 <strong> Donostiako Lugaritzen, 2005eko urriaren 28an<\/strong><br \/>\n<a href=\"http:\/\/www.armiarma.eus\/emailuak\/mizka\/presoak.htm\"> Mintzategi handi eta zabal baten alde.htm <\/a><br \/>\n<a href=\"https:\/\/archive.org\/details\/lugaritzen\">Mintzategi handi eta zabal baten alde.pdf \/ on line \/ e-book<\/a>&#8230;<\/p>\n<p>\u2192 <a href=\"http:\/\/www.literaturakoadernoak.org\/?p=164\"><strong>BURDINEN ARTEKO HERRIA<br \/>\nEuskal Preso Politikoen Kolektiboaren historia<\/strong><\/a><br \/>\n<a href=\"http:\/\/www.archive.org\/download\/BurdinenArtekoHerria\/BurdinenArtekoHerriaX.pdf\">Burdinen arteko herria.pdf <\/a><\/p>\n<p>\u2192 <a href=\"https:\/\/archive.org\/details\/kalera\"><strong>KALERA<br \/>\nPreso politikoak XXI. mendean<\/strong><\/a><br \/>\n<a href=\"https:\/\/archive.org\/details\/kalera\">Kalera.pdf <\/a><\/p>\n<p>\u2192 <a href=\"https:\/\/archive.org\/details\/KALERA_bideoa\"><strong>KALERA<\/strong><\/a><br \/>\n<a href=\"http:\/\/youtu.be\/eqWD9u6hfEo\">Kalera : bideoa : <\/a><\/p>\n<p>\u2192 <strong>PUERTO DE SANTA MARIAtik <\/strong><br \/>\n<a href=\"http:\/\/www.susa-literatura.eus\/emailuak\/puerto\/\"> Intxaur azal baten barruan.htm <\/a><br \/>\n<a href=\"http:\/\/www.susa-literatura.eus\/emailuak\/puerto\/\"> Eguberri amarauna.htm <\/a><br \/>\n<a href=\"https:\/\/archive.org\/details\/IntxaurBarruan\">Pdf \/ on line \/ e-book\u2026<\/a><\/p>\n<p>\u2192 <strong>ITZALPEKO AHOTSAK<\/strong><br \/>\n<a href=\"http:\/\/andima.armiarma.eus\/susa\/susa21.htm\"> SUSA 23-24 Itzalpeko ahotsak.htm <\/a><\/p>\n<p>\u2192 <a href=\"http:\/\/zubitegia.armiarma.eus\/?i=752\"><strong>GOTZON ALEMAN<\/strong><\/a><br \/>\n<a href=\"http:\/\/basquepoetry.net\/?i=poemak&amp;b=284\"> LEHENGO UNE OROIGARRIAK BURURA DATOZKIT eta beste poema batzuk<\/a> basquepoetry.net<br \/>\n<a href=\"http:\/\/www.euskaraz.org\/donostia\/idazleak\/liburuak\/00008.htm\">Orduan eguzkiak iratzarriko nau<\/a><br \/>\n<a href=\"http:\/\/www.euskaraz.org\/donostia\/idazleak\/liburuak\/00008.htm\">Nerau ere hire gabekotasunak biziaz betetzen saiatu naun hire&#8230;<\/a><\/p>\n<p>\u2192 <a href=\"http:\/\/zubitegia.armiarma.eus\/egileak\/00007.htm\"> <strong>MIKEL ANTZA<\/strong><\/a><br \/>\n<a href=\"http:\/\/www.susa-literatura.eus\/cgi-bin\/liburuak.pl?lib=narr01\"> Odolaren usaina.htm <\/a><br \/>\n<a href=\"http:\/\/www.susa-literatura.eus\/cgi-bin\/liburuok.pl?lib=narr85\"> Ospitalekoak.htm <\/a><br \/>\n<a href=\"http:\/\/www.susa-literatura.eus\/cgi-bin\/liburuok.pl?lib=narr98\"> Atzerri.htm <\/a><\/p>\n<p>\u2192 <strong>AITOR ARANZABAL ALTUNA<\/strong><br \/>\n<a href=\"http:\/\/www.scribd.com\/doc\/36764101\/Angiolillo-Aitor-Aranzabal-Altuna\"> Angiiolillo.pdf<\/a><\/p>\n<p>\u2192 <a href=\"http:\/\/eu.wikipedia.org\/wiki\/Ho_Chi_Minh\"> <strong>HO CHI MINH<\/strong> <\/a><br \/>\n<a href=\"http:\/\/www.susa-literatura.eus\/cgi-bin\/liburuak.pl?lib=susa20\"> Gartzelako egunkaria.htm <\/a><\/p>\n<p>\u2192 <strong><a href=\"http:\/\/www.artepoetica.net\/roque.htm\">ROQUE DALTON<\/a><\/strong><br \/>\n<a href=\"http:\/\/www.artepoetica.net\/Antologia_poetica_de_Roque_Dalton.pdf\"> Antolog\u00eda po\u00e9tica.pdf<\/a><\/p>\n<p>\u2192 <strong><a href=\"http:\/\/eu.wikipedia.org\/wiki\/Jon_Etxeandia\"> JON ETXEANDIA<\/a>\/JUAN ANTONIO OLAGORTA<\/strong><br \/>\n<a href=\"https:\/\/archive.org\/download\/KartzelakoLanak02\/KartzelakoLanak.pdf\"> Kartzelako lanak.pdf<\/a><\/p>\n<p>\u2192 <strong><a href=\"http:\/\/eu.wikipedia.org\/wiki\/Eva_Forest\"> EVA FOREST<\/a><\/strong><a href=\"http:\/\/eu.wikipedia.org\/wiki\/Eva_Forest\"><br \/>\n<\/a><a href=\"https:\/\/archive.org\/details\/testimoniosdelucha\">Testimonios de lucha y resistencia.pdf<\/a><br \/>\n<a href=\"https:\/\/archive.org\/details\/10urte\">Diez a\u00f1os de tortura y democracia.pdf<\/a><\/p>\n<p>\u2192 <a href=\"http:\/\/zubitegia.armiarma.eus\/egileak\/00242.htm\"> <strong>JON GAZTELUMENDI<\/strong><\/a><br \/>\n<a href=\"http:\/\/www.susa-literatura.eus\/cgi-bin\/liburuok.pl?lib=narr34\"> Haizea mindu gabe.htm <\/a><\/p>\n<p>\u2192 <a href=\"http:\/\/www.askatu.org\/presoak.php?abizenak=GONZALEZ%20BILBATUA&amp;izena=OIER&amp;jaioterria=DURANGO&amp;lang=eu\"> <strong>OIER GONZALEZ<\/strong><\/a><br \/>\nBLOG <a href=\"http:\/\/oiergon.blogspot.com\/\"> Zithal liliak bloga <\/a><\/p>\n<p>\u2192 <a href=\"http:\/\/ekarriak.armiarma.eus\/?i=240\"> <strong>NAZIM HIKMET<\/strong><\/a><br \/>\n<a href=\"http:\/\/ekarriak.armiarma.eus\/?i=240\">Hamabi poema<\/a><br \/>\n<a href=\"http:\/\/ekarriak.armiarma.eus\/?i=240\">Estrontzio 90<\/a><br \/>\n<a href=\"http:\/\/ekarriak.armiarma.eus\/?i=240\">Bursa, Istanbul<\/a><br \/>\n<a href=\"http:\/\/ekarriak.armiarma.eus\/?i=240\">Lau gartzelak<\/a><\/p>\n<p>\u2192 <a href=\"http:\/\/zubitegia.armiarma.eus\/egileak\/00049.htm\"><strong> MIKEL IBARGUREN<\/strong> <\/a><br \/>\n<a href=\"http:\/\/www.susa-literatura.eus\/cgi-bin\/liburuok.pl?lib=poes19\"> Hemen gauak lau hertz ditu.htm <\/a><br \/>\n<a href=\"http:\/\/www.susa-literatura.eus\/cgi-bin\/liburuok.pl?lib=poes35\"> Deserriko karrikak.htm <\/a><\/p>\n<p>\u2192 <a href=\"http:\/\/zubitegia.armiarma.eus\/egileak\/00243.htm\"> <strong>XABIER IZAGA<\/strong><\/a><br \/>\n<a href=\"http:\/\/www.susa-literatura.eus\/cgi-bin\/liburuok.pl?lib=poes25\"> Bart irakurtzeko gaur izkiriatua.htm <\/a><\/p>\n<p>\u2192 <a href=\"http:\/\/eu.wikipedia.org\/wiki\/I%C3%B1aki_de_Juana\"> <strong>I\u00d1AKI DE JUANA<\/strong> <\/a><br \/>\n<a href=\"http:\/\/www.armiarma.eus\/emailuak\/txalaparta\/dejuana.htm\"> Egunak.htm <\/a><br \/>\nARTIKULUA <a href=\"https:\/\/lucardixxx.blogspot.com\/2007\/02\/el-escudo-iaki-de-juana-chaos-preso.html\"> El escudo.html <\/a><br \/>\nARTIKULUA <a href=\"https:\/\/web.archive.org\/web\/20050101024357\/http:\/\/www.gara.net\/idatzia\/20041230\/art94545.php\"> Gallizo.html <\/a><\/p>\n<p>\u2192 <a href=\"http:\/\/www.txalaparta.com\/?auth\/eu_ES\/M\/60\/0\/1192\/Makazaga+Xabier.html\"><strong>XABIER MAKAZAGA<\/strong> <\/a><br \/>\n<a href=\"http:\/\/www.archive.org\/download\/torturadores\/TorturadoresCia-XabierMakazaga.pdf\">Torturadores &amp; Cia.pdf <\/a><br \/>\n<a href=\"http:\/\/www.txalaparta.com\/documentos\/libros\/doc\/315\/manual_del_torturador_espa-ol.pdf\">Manual del torturador espa\u00f1ol.pdf <\/a><br \/>\n<a href=\"http:\/\/ttiki.com\/115597\">30 a\u00f1os de tortura y democracia.pdf <\/a><br \/>\n<a href=\"https:\/\/archive.org\/details\/ElCasoPortuSarasola\">El caso Portu-Sarasola.pdf <\/a><\/p>\n<p>\u2192 <a href=\"http:\/\/zubitegia.armiarma.eus\/egileak\/00247.htm\"> <strong>EUSTAKIO MENDIZABAL &#8220;TXIKIA&#8221;<\/strong> <\/a><br \/>\n<a href=\"http:\/\/www.susa-literatura.eus\/cgi-bin\/liburuak.pl?lib=best02\"> Hitz etena.htm <\/a><\/p>\n<p>\u2192 <a href=\"http:\/\/www.argia.com\/mendea\/pertso\/81monzon.htm\"> <strong>TELESFORO MONZON<\/strong> <\/a><br \/>\n<a href=\"http:\/\/www.armiarma.eus\/monzon\/\"> Literatura lanak.htm <\/a><\/p>\n<p>\u2192 <a href=\"http:\/\/www.literaturakoadernoak.org\/?p=1994\"><strong>ERNESTO PRAT<\/strong> <\/a><br \/>\n<a href=\"http:\/\/www.literaturakoadernoak.org\/?p=2021\"> Hiru ilargi laurden.pdf\/on line\/e-book&#8230; <\/a><\/p>\n<p>\u2192 <a href=\"http:\/\/larkspirit.com\/hungerstrikes\/bios\/sands.html\"> <strong>BOBBY SANDS<\/strong> <\/a><br \/>\n<a href=\"http:\/\/www.armiarma.eus\/emailuak\/txalaparta\/sands.htm\"> Egun bat nire bizitzan.htm <\/a><br \/>\n<a href=\"http:\/\/andima.armiarma.eus\/susa\/susa2116.htm\"> Poema batzuk euskaraz.htm<\/a><\/p>\n<p>\u2192 <a href=\"http:\/\/zubitegia.armiarma.eus\/egileak\/00124.htm\"> <strong>JOSEBA SARRIONANDIA<\/strong> <\/a><br \/>\n<a href=\"http:\/\/www.susa-literatura.eus\/cgi-bin\/liburuok.pl?lib=poes14\"> Gartzelako poemak.htm <\/a><br \/>\n<a href=\"http:\/\/www.armiarma.eus\/emailuak\/izuen\/\"> Izuen gordelekuetan barrena.htm <\/a><br \/>\n<a href=\"http:\/\/www.susa-literatura.eus\/emailuak\/ondasuna\/\"> Hau da ene ondasun guztia.htm <\/a><br \/>\n<a href=\"http:\/\/andima.armiarma.eus\/xagu\/xagu0105.htm\"> Maggie, indazu kamamila! .htm <\/a><br \/>\nAUDIOA <a href=\"http:\/\/www.susa-literatura.eus\/audioa\/ondasun1.mp3\"> Harriak eta herriak.mp3 <\/a><br \/>\nAUDIOA <a href=\"http:\/\/www.susa-literatura.eus\/audioa\/ondasun2.mp3\"> Iluntasuna nehurtzen.mp3 <\/a><br \/>\nAUDIOA <a href=\"http:\/\/www.susa-literatura.eus\/audioa\/ondasun3.mp3\"> Heriotza.mp3 <\/a><br \/>\nAUDIOA <a href=\"http:\/\/www.susa-literatura.eus\/audioa\/ondasun4.mp3\"> Zaramalogia.mp3 <\/a><br \/>\nAUDIOA <a href=\"http:\/\/www.susa-literatura.eus\/audioa\/ondasun5.mp3\"> Mundua zabala eta arrotza da.mp3 <\/a><br \/>\nAUDIOA &gt; <a href=\"http:\/\/www.susa-literatura.eus\/audioa\/ondasun6.mp3\"> Geografia.mp3 <\/a><br \/>\n<a href=\"http:\/\/euskalpoesia.8m.com\/cgi-bin\/framed\/2222\/traducciones\/euskera.htm\"> Esklabu errementaria poema 25 hizkuntzetan.htm <\/a><br \/>\n<a href=\"http:\/\/www.susa-literatura.eus\/emailuak\/naufragoak\/\"> Poemas n\u00c3\u00a1ufragos.htm <\/a><br \/>\n<a href=\"http:\/\/www.basqueliterature.com\/katalogoak\/obrak\/sarri\"> Hiru ipuin.htm <\/a><br \/>\n<a href=\"http:\/\/bbk.armiarma.eus\/linterna\/narra010.htm\"> Ez gara abereak baino dohatsuago.htm <\/a><br \/>\nKRONIKA <a href=\"http:\/\/www.gara.net\/gaiak\/durango70urte\/index.php\"> Durangoko bonbardaketa.htm <\/a><br \/>\nGUTUNA <a href=\"http:\/\/www.halabedi.org\/2007\/06\/15\/sarriren-olerkiak-eta-muxuak-iritsi-dira-itsasoz\/\"> Botila itsasora bota zuten umeei.htm <\/a><br \/>\nARTIKULUA <a href=\"http:\/\/eibar.org\/blogak\/iturri\/354\"> Euskal Herriaren bila.htm <\/a><br \/>\n<a href=\"http:\/\/www.basquepoetry.net\/poemak\/0349.htm\"> Poema batzuk.htm<\/a><\/p>\n<p>\u2192 <strong>JON TAPIA<\/strong><br \/>\n<a href=\"https:\/\/archive.org\/details\/gartzelatikjt\"> Gartzelatik <\/a><br \/>\n<a href=\"http:\/\/www.armiarma.eus\/cgi-bin\/urkiza\/EBMODEGI.pl?Egile=6079\"> Bertso eta olerkiak <\/a><br \/>\n<a href=\"https:\/\/www.youtube.com\/watch?v=H1DSiuQjbgk\"> Espetxetik <\/a><\/p>\n<p>\u2192 <a href=\"http:\/\/zubitegia.armiarma.eus\/egileak\/00245.htm\"> <strong>JOKIN URAIN<\/strong><\/a><br \/>\n<a href=\"https:\/\/archive.org\/details\/IZAINA\"> Izaina <\/a><br \/>\n<a href=\"http:\/\/www.susa-literatura.eus\/cgi-bin\/liburuak.pl?lib=narr38\"> Gatibu sortu nintzen.htm <\/a><br \/>\n<a href=\"http:\/\/www.susa-literatura.eus\/cgi-bin\/liburuok.pl?lib=best14\"> Errotarria.htm <\/a><br \/>\n<a href=\"http:\/\/www.argia.com\/argia-astekaria\/2126\/garenak-garelako-gauzkate-hemen\/osoa\"> Garenak garelako gauzkate hemen.htm <\/a><br \/>\n<a href=\"http:\/\/www.susa-literatura.eus\/cgi-bin\/liburuok.pl?lib=best19\"> Ez dago etxean.htm <\/a><\/p>\n<p>\u2192 <a href=\"http:\/\/eu.wikipedia.org\/wiki\/Oscar_Wilde\"> <strong>OSCAR WILDE<\/strong><\/a><br \/>\n<a href=\"http:\/\/www.susa-literatura.eus\/liburuak2\/best13073.htm\"> Reading Bahitegiko Leloa.htm<\/a><\/p>\n<p>\u2192 <strong><a href=\"http:\/\/zubitegia.armiarma.eus\/egileak\/00620.htm\">SALBADOR ZAPIRAIN <em> ATA\u00d1O<\/em><\/a><\/strong><br \/>\n<a href=\"www.euskaltzaindia.net\/dok\/iker_jagon_tegiak\/auspoa\/9245.pdf\">Zigorpean.pdf<\/a><br \/>\n<a href=\"http:\/\/www.euskaltzaindia.net\/dok\/iker_jagon_tegiak\/auspoa\/9248.pdf\">Espetxeko negarrak.pdf<\/a><\/p>\n<p>\u2192 <strong>LUIS REZOLA<em> TXIMELA<\/em><\/strong><br \/>\n<a href=\"http:\/\/www.euskaltzaindia.net\/dok\/iker_jagon_tegiak\/auspoa\/10236.pdf\">Bakardadeko ametsak I eta II.pdf<\/a><\/p>\n<p>\u2192 <strong>HAINBATEN ARTEAN<\/strong><br \/>\n<strong><a href=\"http:\/\/www.susa-literatura.eus\/cgi-bin\/liburuak.pl?lib=gabe01\">Dana lanbrotute ikustot.htm<\/a><\/strong><\/p>\n<p>\u2192 <strong>BERTSOLARI 41. <a href=\"http:\/\/www.bertsolari.eus\/aldizkariak\/urrundik\/\">URRUNDIK<\/a><\/strong><br \/>\n<strong><a href=\"http:\/\/www.bertsolari.net\/default.cfm?atala=hemeroteka&amp;uneko_alea=41&amp;orria=1#pos006\">Jon Tapia<\/a><\/strong><br \/>\n<strong><a href=\"http:\/\/www.bertsolari.net\/default.cfm?atala=hemeroteka&amp;uneko_alea=41&amp;orria=1#pos018\">Jokin Urain<\/a><\/strong><br \/>\n<strong><a href=\"http:\/\/www.bertsolari.net\/default.cfm?atala=hemeroteka&amp;uneko_alea=41&amp;orria=1#pos038\">Josu Ormaetxea<\/a><\/strong><br \/>\n<strong><a href=\"http:\/\/www.bertsolari.net\/default.cfm?atala=hemeroteka&amp;uneko_alea=41&amp;orria=1#pos052\">Jokin Arregi<\/a><\/strong><br \/>\n<strong><a href=\"http:\/\/www.bertsolari.net\/default.cfm?atala=hemeroteka&amp;uneko_alea=41&amp;orria=1#pos066\">Xanti Zapirain<\/a><\/strong><br \/>\n<strong><a href=\"http:\/\/www.bertsolari.net\/default.cfm?atala=hemeroteka&amp;uneko_alea=41&amp;orria=1#pos076\">Txiplas<\/a><\/strong><br \/>\n<strong><a href=\"http:\/\/www.bertsolari.net\/default.cfm?atala=hemeroteka&amp;uneko_alea=41&amp;orria=1#pos086\">Eusebio Lasarte<\/a><\/strong><br \/>\n<strong><a href=\"http:\/\/www.bertsolari.net\/default.cfm?atala=hemeroteka&amp;uneko_alea=41&amp;orria=1#pos092\">Basakarte<\/a><\/strong><\/p>\n<p>\u2192 <strong>ASSATA SHAKUR <\/strong><br \/>\n[en] <a href=\"https:\/\/ia601008.us.archive.org\/19\/items\/Assata\/assata%20shakur%20an%20biography.pdf\">Assata: An Autobiography.pdf<\/a><\/p>\n<p>\u2192 <strong>MALCOM X <\/strong><br \/>\n[en] <a href=\"http:\/\/tinyurl.com\/ogtzq8t\"> The Autobiography of Malcolm X: As Told to Alex Haley.pdf <\/a> \/ <a href=\"http:\/\/t.co\/ZacCcGyYfI\">epub\/mobi<\/a><br \/>\n[es] <a href=\"https:\/\/archive.org\/download\/MalcolmX_16\/Malcolm_X-Vida_y_voz_de_un_hombre_negro_Autobiografia_y_seleccion_de_discursos-2.pdf\">Malcom X. Vida y voz de un hombre negro. Autobiografia y seleccion de discursos.pdf<\/a> \/ <a href=\"https:\/\/archive.org\/stream\/MalcolmX_16\">on-line<\/a> \/ <a href=\"https:\/\/archive.org\/details\/MalcolmX_16\">e-book eta beste<\/a><\/p>\n<p>\u2192 <strong>ANGEL AMIGO<\/strong><br \/>\n[es] <a href=\"https:\/\/archive.org\/download\/OperacionPoncho\/Operacion%2BPoncho.%2BLas%2Bfugas%2Bde%2BSegovia%2B-%2BAngel%2BAmigo.%2BHordago%2B1978.pdf\">Operaci\u00f3n Poncho. Las fugas de Segovia.pdf<\/a><\/p>\n<p>\u2192 <strong>NELSON MANDELA<\/strong><br \/>\n[es] <a href=\"http:\/\/uploaded.net\/file\/knhcmxfc\">El largo camino hacia la libertad.pdf<\/a> \/ <a href=\"http:\/\/cloudzer.net\/file\/zb8s9e3a\">pdf<\/a> \/ <a href=\"https:\/\/archive.org\/download\/NelsonMandelaElLargoCaminoHaciaLaLibertad\/Nelson%20Mandela-%20El%20Largo%20Camino%20Hacia%20La%20Libertad.pdf\">pdf<\/a><br \/>\n[en] <a href=\"http:\/\/zelalemkibret.files.wordpress.com\/2012\/01\/the-autobiography-of-nelson-mandela.pdf\">Long Walk to Freedom: The Autobiography of Nelson Mandela.pdf<\/a> \/ <a href=\"https:\/\/archive.org\/download\/LongWalkToFreedomNelsonMandela.pdf\/Long%20Walk%20to%20Freedom%20Nelson%20Mandela.pdf.pdf\">pdf<\/a> \/ <a href=\"http:\/\/kickass.to\/long-walk-to-freedom-nelson-mandela-pdf-t7321471.html\">pdf (torrent)<\/a><\/p>\n<p>\u2192 <strong>GEORGE JACKSON<\/strong><br \/>\n[es] <a href=\"http:\/\/libcom.org\/files\/soledad-brother-the-prison-letters-of-george-jackson.pdf\">Soledad Brother. Cartas de prisi\u00f3n.pdf<\/a><\/p>\n<p>\u2192 <strong>JEAN MARC ROUILLIAN<\/strong><br \/>\n[es] <a href=\"http:\/\/www.bscrimental.org\/libros\/odio_las_mananas.pdf\">Odio las ma\u00f1anas.pdf<\/a><\/p>\n<p>\u2192 <strong>XOSE TARRIO GONZALEZ<\/strong><br \/>\n[es] <a href=\"http:\/\/www.rebelion.org\/docs\/127675.pdf\">HUYE HOMBRE HUYE. Diario de un preso fies.pdf<\/a><\/p>\n<p>\u2192 <strong>GABRIEL POMBO DA SILVA<\/strong><br \/>\n[es] <a href=\"http:\/\/www.bscrimental.org\/libros\/diario_e_ideario_de_un_delincuente.pdf\">Diario e ideario de un delincuente.pdf<\/a><\/p>\n<p>\u2192 <strong>ULRIKE MEINHOF<\/strong><br \/>\n[es] <a href=\"https:\/\/archive.org\/download\/UlrikeMeinhofCARTA\/UlrikeMeinhofCARTA.pdf\">Carta de una presa en la galeria de la muerte y ultimos escritos.pdf<\/a> \/ <a href=\"https:\/\/archive.org\/scream\/UlrikeMeinhofCARTA\">on line<\/a> \/ <a href=\"https:\/\/archive.org\/details\/UlrikeMeinhofCARTA\">ebook, torrent eta beste<\/a><\/p>\n<p>\u2192 <strong>FREDY JULIAN CORTES URQUIJO<\/strong><br \/>\n[es] <a href=\"http:\/\/www.rebelion.org\/docs\/169939.pdf\">Te cuento desde la prisi\u00f3n.pdf<\/a><\/p>\n<p>\u2192 <strong>VICENTE BELMONTE BOTELLA<\/strong><br \/>\n[es] <a href=\"http:\/\/www.rebelion.org\/docs\/105944.pdf\">Prisioneros de guerra.pdf<\/a><\/p>\n<h2>SAIAKERA: Espetxeko literatura<\/h2>\n<p>\u2192 <strong>WIKIPEDIA<\/strong><br \/>\n[en] <a href=\"http:\/\/en.wikipedia.org\/wiki\/Prison_literature\"> Prison literature<\/a><\/p>\n<p>\u2192 <strong>ANTTON AZKARGORTA | NIKOLAS XAMARDO <\/strong><br \/>\n<a href=\"http:\/\/www.literaturakoadernoak.org\/?p=130\"> Gartzela poesia: gainezkadura eta lekua<\/a><\/p>\n<p>\u2192 <strong>JOSE LUIS OTAMENDI <\/strong><br \/>\n<a href=\"http:\/\/www.literaturakoadernoak.org\/?p=23\">Espetxea eta literatura<\/a><\/p>\n<p>\u2192 <strong>JOKIN URAIN<\/strong><br \/>\n<a href=\"http:\/\/www.susa-literatura.eus\/cgi-bin\/liburuok.pl?lib=best19\">Ez dago etxean. Kartzelako euskal literatura<\/a><\/p>\n<h2>SAIAKERA: Espetxea<\/h2>\n<p>\u2192 <strong>ANGEL ZELAIETA &#8211; EDORTA JIMENEZ<\/strong><br \/>\n<a href=\"http:\/\/www.euskerazaintza.org\/PDF\/Amuriza\/Liburuak\/ZAMORAKO%20APAITZA.pdf\">Zamorako apaiz-kartzela.pdf <\/a><\/p>\n<p>\u2192 <strong>ANDONI UGARANA LARRUN<\/strong><br \/>\n[es] <a href=\"http:\/\/archivomunicipal.betanzos.net\/AMB%20FONDO%20ALVAJAR%20web\/Goberno%20republicano%20Espa\u00f1ol%20no%20exilio\/Impresos%20folletos%20e%20libros\/1973_Goberno_Republicano_Espanol_Exilio_%20Impresos_arquivo_municipal_de_Betanzos_Fondo%20Alvajar.pdf\">La lucha del pueblo vasco (los siete de Zamora).pdf <\/a><\/p>\n<p>\u2192 <strong>PIOTR KROPOTKIN<\/strong><br \/>\n[es] <a href=\"http:\/\/www.inventati.org\/ingobernables\/textos\/anarquistas\/kropotkin_lasprisiones.pdf\">Las prisiones.pdf<\/a><\/p>\n<p>\u2192 <strong>ANGELA Y. DAVIS<\/strong><br \/>\n[en] <a href=\"http:\/\/www.feministes-radicales.org\/wp-content\/uploads\/2010\/11\/Angela-Davis-Are_Prisons_Obsolete.pdf\">Are prisons obsolete?.pdf<\/a><br \/>\n[en] <a href=\"http:\/\/www4.ncsu.edu\/~mseth2\/com417s12\/readings\/DavisPrisoners.PDF\">Political Prisoners, Prisons, and Black Liberation.pdf<\/a><\/p>\n<p>\u2192 <strong>DARIO MALVENTI ROSSI<\/strong><br \/>\n[es] <a href=\"http:\/\/boletintokata.files.wordpress.com\/2011\/08\/curaryreinsertar.pdf\">Curar y reinsertar. L\u00edneas de fuga de la maquina penal contempor\u00e1nea.pdf<\/a><\/p>\n<p>\u2192 <strong>CESAR LORENZO RUBIO<\/strong><br \/>\n[es] <a href=\"http:\/\/tokata.info\/wp-content\/uploads\/2013\/11\/C%C3%A1rceles-en-llamas.-El-movimiento-de-presos-sociales-en-la-transici%C3%B3n.pdf\">C\u00e1rceles en llamas. El Movimiento de presos sociales en la transici\u00f3n.pdf<\/a><\/p>\n<p>\u2192 <strong>JOSE LUIS SEGOVIA et alii<\/strong><br \/>\n[es] <a href=\"http:\/\/www.ciberdroide.com\/Descarga_Gratis\/download.php?file=libros-copyleft\/E20\/A35\/carceles_de_la_democracia.pdf\">Las c\u00e1rceles de la democracia. Del deficit de ciudadan\u00eda a la producci\u00f3n de control.pdf<\/a><\/p>\n<h2>SAIAKERA: Idatziak<\/h2>\n<p>\u2192 <strong>ANTONIO GRAMSCI<\/strong><br \/>\n[es] <a href=\"http:\/\/kmarx.files.wordpress.com\/2012\/06\/gramsci-antonio-cuadernos-de-la-cc3a1rcel-vol-1.pdf\">Cuadernos de la carcel 1.pdf<\/a><br \/>\n[es] <a href=\"http:\/\/kmarx.files.wordpress.com\/2012\/06\/gramsci-antonio-cuadernos-de-la-cc3a1rcel-vol-2.pdf\">Cuadernos de la carcel 2.pdf<\/a><br \/>\n[es] <a href=\"https:\/\/anonfiles.com\/file\/1eca5723d9ae67882854627563c8228d\">Cuadernos de la carcel 3.pdf<\/a><\/p>\n<p>\u2192 <strong>ABDULLAH \u00d6CALAN<\/strong><br \/>\n[es] <a href=\"http:\/\/bit.ly\/1iSBXhB\">Guerra y paz en el Kurdistan.pdf<\/a><br \/>\n[es] <a href=\"http:\/\/bit.ly\/1ifXDkX\">Confederalismo-Democr\u00e1tico.pdf<\/a><br \/>\n[es] <a href=\"https:\/\/t.co\/03MWry7eFI\">Liberando la vida: la revoluci\u00f3n de las mujeres.pdf<\/a><\/p>\n<div style=\"padding-bottom:20px; padding-top:10px;\" class=\"hupso-share-buttons\"><!-- Hupso Share Buttons - http:\/\/www.hupso.com\/share\/ --><a class=\"hupso_toolbar\" href=\"http:\/\/www.hupso.com\/share\/\"><img src=\"http:\/\/static.hupso.com\/share\/buttons\/share-medium.png\" style=\"border:0px; padding-top:5px; float:left;\" alt=\"Share\"\/><\/a><script type=\"text\/javascript\">var hupso_services_t=new Array(\"Twitter\",\"Facebook\",\"Linkedin\",\"StumbleUpon\",\"Digg\",\"Reddit\",\"Bebo\",\"Delicious\"); var hupso_toolbar_size_t=\"medium\";var hupso_url_t=\"\";var hupso_title_t=\"IRAKURGARRI\";<\/script><script type=\"text\/javascript\" src=\"http:\/\/static.hupso.com\/share\/js\/share_toolbar.js\"><\/script><!-- Hupso Share Buttons --><\/div>","protected":false},"excerpt":{"rendered":"<p>Atarami\u00f1eren lanak sarean irakurgai daude, web gune honen erdiko zutabean ikus dezakezunez. Atarami\u00f1ek argitaratutako lanez aparte Interneten irakurgarri diren testuen loturak jasotzen ditugu atal honetan. Testuak gehitzeko bidali zure proposamenak helbide honetara: . \u2192 Donostiako Lugaritzen, 2005eko urriaren 28an Mintzategi handi eta zabal baten alde.htm Mintzategi handi eta zabal baten alde.pdf \/ on line \/ [&hellip;]<\/p>\n<div style=\"padding-bottom:20px; padding-top:10px;\" class=\"hupso-share-buttons\"><!-- Hupso Share Buttons - http:\/\/www.hupso.com\/share\/ --><a class=\"hupso_toolbar\" href=\"http:\/\/www.hupso.com\/share\/\"><img src=\"http:\/\/static.hupso.com\/share\/buttons\/share-medium.png\" style=\"border:0px; padding-top:5px; float:left;\" alt=\"Share\"\/><\/a><script type=\"text\/javascript\">var hupso_services_t=new Array(\"Twitter\",\"Facebook\",\"Linkedin\",\"StumbleUpon\",\"Digg\",\"Reddit\",\"Bebo\",\"Delicious\"); var hupso_toolbar_size_t=\"medium\";var hupso_url_t=\"\";var hupso_title_t=\"IRAKURGARRI\";<\/script><script type=\"text\/javascript\" src=\"http:\/\/static.hupso.com\/share\/js\/share_toolbar.js\"><\/script><!-- Hupso Share Buttons --><\/div>","protected":false},"author":1,"featured_media":0,"parent":0,"menu_order":5,"comment_status":"closed","ping_status":"closed","template":"","meta":{"footnotes":""},"_links":{"self":[{"href":"http:\/\/www.literaturakoadernoak.org\/index.php?rest_route=\/wp\/v2\/pages\/7"}],"collection":[{"href":"http:\/\/www.literaturakoadernoak.org\/index.php?rest_route=\/wp\/v2\/pages"}],"about":[{"href":"http:\/\/www.literaturakoadernoak.org\/index.php?rest_route=\/wp\/v2\/types\/page"}],"author":[{"embeddable":true,"href":"http:\/\/www.literaturakoadernoak.org\/index.php?rest_route=\/wp\/v2\/users\/1"}],"replies":[{"embeddable":true,"href":"http:\/\/www.literaturakoadernoak.org\/index.php?rest_route=%2Fwp%2Fv2%2Fcomments&post=7"}],"version-history":[{"count":186,"href":"http:\/\/www.literaturakoadernoak.org\/index.php?rest_route=\/wp\/v2\/pages\/7\/revisions"}],"predecessor-version":[{"id":5116,"href":"http:\/\/www.literaturakoadernoak.org\/index.php?rest_route=\/wp\/v2\/pages\/7\/revisions\/5116"}],"wp:attachment":[{"href":"http:\/\/www.literaturakoadernoak.org\/index.php?rest_route=%2Fwp%2Fv2%2Fmedia&parent=7"}],"curies":[{"name":"wp","href":"https:\/\/api.w.org\/{rel}","templated":true}]}}